{"id":600,"date":"2021-12-03T14:32:39","date_gmt":"2021-12-03T14:32:39","guid":{"rendered":"https:\/\/real-world-clinical-cases.com\/web-acindes\/?page_id=600"},"modified":"2022-06-11T01:58:51","modified_gmt":"2022-06-11T01:58:51","slug":"logros","status":"publish","type":"page","link":"https:\/\/real-world-clinical-cases.com\/web-acindes\/logros\/","title":{"rendered":"Logros"},"content":{"rendered":"\t\t<div data-elementor-type=\"wp-page\" data-elementor-id=\"600\" class=\"elementor elementor-600\" data-elementor-settings=\"[]\">\n\t\t\t\t\t\t\t<div class=\"elementor-section-wrap\">\n\t\t\t\t\t\t\t<section class=\"elementor-section elementor-top-section elementor-element elementor-element-6d8bc9e7 elementor-section-full_width elementor-section-height-min-height elementor-section-height-default elementor-section-items-middle\" data-id=\"6d8bc9e7\" data-element_type=\"section\" data-settings=\"{&quot;background_background&quot;:&quot;classic&quot;}\">\n\t\t\t\t\t\t\t<div class=\"elementor-background-overlay\"><\/div>\n\t\t\t\t\t\t\t<div class=\"elementor-container elementor-column-gap-default\">\n\t\t\t\t\t<div class=\"elementor-column elementor-col-100 elementor-top-column elementor-element elementor-element-645b65eb\" data-id=\"645b65eb\" data-element_type=\"column\">\n\t\t\t<div class=\"elementor-widget-wrap elementor-element-populated\">\n\t\t\t\t\t\t\t\t<section class=\"elementor-section elementor-inner-section elementor-element elementor-element-5eba1109 elementor-section-full_width elementor-section-height-default elementor-section-height-default\" data-id=\"5eba1109\" data-element_type=\"section\">\n\t\t\t\t\t\t<div class=\"elementor-container elementor-column-gap-default\">\n\t\t\t\t\t<div class=\"elementor-column elementor-col-100 elementor-inner-column elementor-element elementor-element-5fad257\" data-id=\"5fad257\" data-element_type=\"column\">\n\t\t\t<div class=\"elementor-widget-wrap elementor-element-populated\">\n\t\t\t\t\t\t\t\t<div class=\"elementor-element elementor-element-7558915f elementor-widget elementor-widget-heading\" data-id=\"7558915f\" data-element_type=\"widget\" data-widget_type=\"heading.default\">\n\t\t\t\t<div class=\"elementor-widget-container\">\n\t\t\t<h2 class=\"elementor-heading-title elementor-size-default\">Logros<\/h2>\t\t<\/div>\n\t\t\t\t<\/div>\n\t\t\t\t\t<\/div>\n\t\t<\/div>\n\t\t\t\t\t\t\t<\/div>\n\t\t<\/section>\n\t\t\t\t\t<\/div>\n\t\t<\/div>\n\t\t\t\t\t\t\t<\/div>\n\t\t<\/section>\n\t\t\t\t<section class=\"elementor-section elementor-top-section elementor-element elementor-element-6260e8f elementor-section-height-default elementor-section-full_width elementor-section-height-default\" data-id=\"6260e8f\" data-element_type=\"section\">\n\t\t\t\t\t\t<div class=\"elementor-container elementor-column-gap-default\">\n\t\t\t\t\t<div class=\"elementor-column elementor-col-100 elementor-inner-column elementor-element elementor-element-23a4e44\" data-id=\"23a4e44\" data-element_type=\"column\">\n\t\t\t<div class=\"elementor-widget-wrap elementor-element-populated\">\n\t\t\t\t\t\t\t\t<div class=\"elementor-element elementor-element-a12ca61 elementor-widget elementor-widget-spacer\" data-id=\"a12ca61\" data-element_type=\"widget\" data-widget_type=\"spacer.default\">\n\t\t\t\t<div class=\"elementor-widget-container\">\n\t\t\t\t\t<div class=\"elementor-spacer\">\n\t\t\t<div class=\"elementor-spacer-inner\"><\/div>\n\t\t<\/div>\n\t\t\t\t<\/div>\n\t\t\t\t<\/div>\n\t\t\t\t<div class=\"elementor-element elementor-element-7bce8d8 elementor-widget elementor-widget-heading\" data-id=\"7bce8d8\" data-element_type=\"widget\" data-widget_type=\"heading.default\">\n\t\t\t\t<div class=\"elementor-widget-container\">\n\t\t\t<h2 class=\"elementor-heading-title elementor-size-default\">Hitos institucionales<\/h2>\t\t<\/div>\n\t\t\t\t<\/div>\n\t\t\t\t<div class=\"elementor-element elementor-element-b04ac92 elementor-widget elementor-widget-spacer\" data-id=\"b04ac92\" data-element_type=\"widget\" data-widget_type=\"spacer.default\">\n\t\t\t\t<div class=\"elementor-widget-container\">\n\t\t\t\t\t<div class=\"elementor-spacer\">\n\t\t\t<div class=\"elementor-spacer-inner\"><\/div>\n\t\t<\/div>\n\t\t\t\t<\/div>\n\t\t\t\t<\/div>\n\t\t\t\t<div class=\"elementor-element elementor-element-85858e2 elementor-widget elementor-widget-timeline-widget-addon\" data-id=\"85858e2\" data-element_type=\"widget\" data-widget_type=\"timeline-widget-addon.default\">\n\t\t\t\t<div class=\"elementor-widget-container\">\n\t\t\t\n<div class=\"twae-vertical twae-wrapper twae-centered\">    \n    <div class=\"twae-timeline-centered twae-timeline-sm twae-line \"><article class=\"twae-timeline-entry twae-right-aligned\">\n            <div class=\"twae-timeline-entry-inner\">\n                <div class=\"twae-label-extra-label\">\n                    <span class=\"twae-label\">1984<\/span>\n                    <span class=\"twae-extra-label\"><\/span>\n                <\/div>\n                <div class=\"twae-icon\"><\/div>\n                <div class=\"twae-data-container twae-no-border\">\n                    <span class=\"twae-title\"><\/span>\n                    \n                    <div class=\"twae-description\"><p><span style=\"font-weight: 400;\">Nace ACINDES en Buenos Aires, Argentina, junto al ex -Decano de Medicina de la UBA y Presidente de la Academia de Medicina y de Ciencias, Profesor don Osvaldo Fustinoni.<\/span><\/p><\/div>\n                <\/div>\n            <\/div>\n        <\/article><article class=\"twae-timeline-entry twae-left-aligned\">\n            <div class=\"twae-timeline-entry-inner\">\n                <div class=\"twae-label-extra-label\">\n                    <span class=\"twae-label\">1985-1992<\/span>\n                    <span class=\"twae-extra-label\"><\/span>\n                <\/div>\n                <div class=\"twae-icon\"><\/div>\n                <div class=\"twae-data-container twae-no-border\">\n                    <span class=\"twae-title\"><\/span>\n                    \n                    <div class=\"twae-description\"><p><span style=\"font-weight: 400;\">Creaci\u00f3n del primer programa de Formaci\u00f3n en Autosuficiencia y Autocuidado para ni\u00f1os con condiciones\u00a0 Cr\u00f3nicas (asma, epilepsia y diabetes), obteniendo un Grant de la WT Grant Foundation para su desarrollo durante 8 a\u00f1os.<\/span><\/p><p><span style=\"font-weight: 400;\">Creaci\u00f3n de becas e intercambio con Suecia, a trav\u00e9s del Swedish-Health Institute\u00a0 (Econom\u00eda de la Salud, Organizaci\u00f3n de Servicios para personas mayores, etc) .<\/span><\/p><\/div>\n                <\/div>\n            <\/div>\n        <\/article><article class=\"twae-timeline-entry twae-right-aligned\">\n            <div class=\"twae-timeline-entry-inner\">\n                <div class=\"twae-label-extra-label\">\n                    <span class=\"twae-label\">1986<\/span>\n                    <span class=\"twae-extra-label\"><\/span>\n                <\/div>\n                <div class=\"twae-icon\"><\/div>\n                <div class=\"twae-data-container twae-no-border\">\n                    <span class=\"twae-title\"><\/span>\n                    \n                    <div class=\"twae-description\"><p>Integraci\u00f3n de ACINDES en la International Society for Health Technology Assessment (ISTAHC). Primer seminario internacional sobre Evaluaci\u00f3n Socio-econ\u00f3mica en Salud.<\/p><p>ACINDES es designado como centro de excelencia y colaborador de la Organizaci\u00f3n Panamericana de la Salud (OPS).<\/p><\/div>\n                <\/div>\n            <\/div>\n        <\/article><article class=\"twae-timeline-entry twae-left-aligned\">\n            <div class=\"twae-timeline-entry-inner\">\n                <div class=\"twae-label-extra-label\">\n                    <span class=\"twae-label\">1987<\/span>\n                    <span class=\"twae-extra-label\"><\/span>\n                <\/div>\n                <div class=\"twae-icon\"><\/div>\n                <div class=\"twae-data-container twae-no-border\">\n                    <span class=\"twae-title\"><\/span>\n                    \n                    <div class=\"twae-description\"><p><span style=\"font-weight: 400;\">ACINDES es reconocida como entidad de bien p\u00fablico por el Ministerio de Acci\u00f3n Social y Salud de la Naci\u00f3n (Argentina).<\/span><\/p><\/div>\n                <\/div>\n            <\/div>\n        <\/article><article class=\"twae-timeline-entry twae-right-aligned\">\n            <div class=\"twae-timeline-entry-inner\">\n                <div class=\"twae-label-extra-label\">\n                    <span class=\"twae-label\">1989<\/span>\n                    <span class=\"twae-extra-label\"><\/span>\n                <\/div>\n                <div class=\"twae-icon\"><\/div>\n                <div class=\"twae-data-container twae-no-border\">\n                    <span class=\"twae-title\"><\/span>\n                    \n                    <div class=\"twae-description\"><p><span style=\"font-weight: 400;\">ACINDES comienza la edici\u00f3n en espa\u00f1ol de \u201cPediatrics in Review\u201d, la publicaci\u00f3n de Educaci\u00f3n Continua de la Academia Americana de Pediatr\u00eda (AAP), llegando a distribuirla en toda America Latina y Espa\u00f1a durante 20 a\u00f1os.<\/span><\/p><\/div>\n                <\/div>\n            <\/div>\n        <\/article><article class=\"twae-timeline-entry twae-left-aligned\">\n            <div class=\"twae-timeline-entry-inner\">\n                <div class=\"twae-label-extra-label\">\n                    <span class=\"twae-label\">1992<\/span>\n                    <span class=\"twae-extra-label\"><\/span>\n                <\/div>\n                <div class=\"twae-icon\"><\/div>\n                <div class=\"twae-data-container twae-no-border\">\n                    <span class=\"twae-title\"><\/span>\n                    \n                    <div class=\"twae-description\"><p><span style=\"font-weight: 400;\">ACINDES recibe el Premio a la excelencia por el programa de Autosuficiencia y Autocuidado en Ni\u00f1os, por parte de la C\u00e1mara Argentina de Especialidades Medicinales.<\/span><\/p>\n<p><span style=\"font-weight: 400;\">Se forma la Editorial Waverly Hisp\u00e1nica en Argentina, una joint venture de ACINDES con la Editorial Williams &amp; Wilkins, constituida m\u00e1s adelante en M\u00e9xico, Espa\u00f1a y Brasil.<\/span><\/p>\n<p><span style=\"font-weight: 400;\">Primer programa y manual de entrenamiento para pediatras en el manejo del ni\u00f1o en desastres con la AAP, en M\u00e9xico, Ecuador y Per\u00fa, seguido de Hait\u00ed, India, Vietnam, China y Qatar.<\/span><\/p><\/div>\n                <\/div>\n            <\/div>\n        <\/article><article class=\"twae-timeline-entry twae-right-aligned\">\n            <div class=\"twae-timeline-entry-inner\">\n                <div class=\"twae-label-extra-label\">\n                    <span class=\"twae-label\">2003<\/span>\n                    <span class=\"twae-extra-label\"><\/span>\n                <\/div>\n                <div class=\"twae-icon\"><\/div>\n                <div class=\"twae-data-container twae-no-border\">\n                    <span class=\"twae-title\"><\/span>\n                    \n                    <div class=\"twae-description\"><p><span style=\"font-weight: 400;\">ACINDES produce con la Sociedad China de Pediatr\u00eda la primera edici\u00f3n del \u201cPediatrics in Review\u201d en idioma chino.<\/span><\/p><p><span style=\"font-weight: 400;\">Primera edici\u00f3n en espa\u00f1ol y portugu\u00e9s del manual \u201cFundamentals of Critical Care Support (FCCS)\u201d.<\/span><\/p><p><span style=\"font-weight: 400;\">Primer curso FCCS\u00a0 en China (ingl\u00e9s-chino) junto a la Sociedad China de Cuidados Intensivos, en Shanghai. Manual FCCS en idioma chino.\u00a0<\/span><\/p><\/div>\n                <\/div>\n            <\/div>\n        <\/article><article class=\"twae-timeline-entry twae-left-aligned\">\n            <div class=\"twae-timeline-entry-inner\">\n                <div class=\"twae-label-extra-label\">\n                    <span class=\"twae-label\">2005<\/span>\n                    <span class=\"twae-extra-label\"><\/span>\n                <\/div>\n                <div class=\"twae-icon\"><\/div>\n                <div class=\"twae-data-container twae-no-border\">\n                    <span class=\"twae-title\"><\/span>\n                    \n                    <div class=\"twae-description\"><p><span style=\"font-weight: 400;\">Waverly Hispanica se independiza para constituirse como Editorial M\u00e9dica AWWE (Alliance for World Wide Editing).<\/span><\/p>\n<p><span style=\"font-weight: 400;\">Se realizan los primeros \u201cPreceptorships\u201d para m\u00e9dicos Latinoamericanos y espa\u00f1oles en Estados Unidos, Canad\u00e1 y Europa.<\/span><\/p>\n<p><span style=\"font-weight: 400;\">ACINDES se constituye en Espa\u00f1a y&nbsp; M\u00e9xico, sum\u00e1ndose a Argentina. EMAWWE se constituye en Argentina, Brasil, M\u00e9xico y Espa\u00f1a creando compa\u00f1\u00edas locales.&nbsp;<\/span><\/p>\n<p><span style=\"font-weight: 400;\">Se establece la alianza entre la Editorial M\u00e9dica AWWE y ACINDES. Crecen los acuerdos de trabajo con patrocinadores locales y regionales en Latinoam\u00e9rica.&nbsp;&nbsp;<\/span><\/p><\/div>\n                <\/div>\n            <\/div>\n        <\/article><article class=\"twae-timeline-entry twae-right-aligned\">\n            <div class=\"twae-timeline-entry-inner\">\n                <div class=\"twae-label-extra-label\">\n                    <span class=\"twae-label\">2020<\/span>\n                    <span class=\"twae-extra-label\"><\/span>\n                <\/div>\n                <div class=\"twae-icon\"><\/div>\n                <div class=\"twae-data-container twae-no-border\">\n                    <span class=\"twae-title\"><\/span>\n                    \n                    <div class=\"twae-description\"><p><span style=\"font-weight: 400;\">ACINDES-EMAWWE se reconvierte a virtual, creando el Programa: \u201cBridge: Connecting Science\u201d.\u00a0<\/span><\/p><p><span style=\"font-weight: 400;\">Primer Curso regional\u00a0 sobre \u201cValue-based Health Care Delivery System\u201d.<\/span><\/p><p><span style=\"font-weight: 400;\">ACINDES toma la representaci\u00f3n exclusiva de \u201cMy Personal Therapeutics\u201d (Tratamiento individualizado de Tumores s\u00f3lidos) para la regi\u00f3n Iberoamericana<\/span><\/p><\/div>\n                <\/div>\n            <\/div>\n        <\/article><article class=\"twae-timeline-entry twae-left-aligned\">\n            <div class=\"twae-timeline-entry-inner\">\n                <div class=\"twae-label-extra-label\">\n                    <span class=\"twae-label\">2021<\/span>\n                    <span class=\"twae-extra-label\"><\/span>\n                <\/div>\n                <div class=\"twae-icon\"><\/div>\n                <div class=\"twae-data-container twae-no-border\">\n                    <span class=\"twae-title\"><\/span>\n                    \n                    <div class=\"twae-description\"><p><span style=\"font-weight: 400;\">\u201cConsulta de m\u00e9dico a m\u00e9dico\u201d: ACINDES crea un programa innovador para los m\u00e9dicos de Latinoam\u00e9rica y Espa\u00f1a.<\/span><\/p><p><span style=\"font-weight: 400;\">Primera reuni\u00f3n sobre experiencia en el uso de la telemedicina en el manejo de pacientes VIH.<\/span><\/p><p><span style=\"font-weight: 400;\">Se realizan m\u00e1s de 120 actividades acad\u00e9micas enteramente virtuales para continuar con la formaci\u00f3n y el intercambio bajo la pandemia.<\/span><\/p><\/div>\n                <\/div>\n            <\/div>\n        <\/article><\/div><\/div>\t\t<\/div>\n\t\t\t\t<\/div>\n\t\t\t\t<div class=\"elementor-element elementor-element-3033fb3 elementor-widget elementor-widget-spacer\" data-id=\"3033fb3\" data-element_type=\"widget\" data-widget_type=\"spacer.default\">\n\t\t\t\t<div class=\"elementor-widget-container\">\n\t\t\t\t\t<div class=\"elementor-spacer\">\n\t\t\t<div class=\"elementor-spacer-inner\"><\/div>\n\t\t<\/div>\n\t\t\t\t<\/div>\n\t\t\t\t<\/div>\n\t\t\t\t\t<\/div>\n\t\t<\/div>\n\t\t\t\t\t\t\t<\/div>\n\t\t<\/section>\n\t\t\t\t\t\t<\/div>\n\t\t\t\t\t<\/div>\n\t\t","protected":false},"excerpt":{"rendered":"<p>Logros Hitos institucionales 1984 Nace ACINDES en Buenos Aires, Argentina, junto al ex -Decano de Medicina de la UBA y Presidente de la Academia de Medicina y de Ciencias, Profesor don Osvaldo Fustinoni. 1985-1992 Creaci\u00f3n del primer programa de Formaci\u00f3n en Autosuficiencia y Autocuidado para ni\u00f1os con condiciones\u00a0 Cr\u00f3nicas (asma, epilepsia y diabetes), obteniendo un [&hellip;]<\/p>\n","protected":false},"author":3,"featured_media":0,"parent":0,"menu_order":0,"comment_status":"closed","ping_status":"closed","template":"elementor_header_footer","meta":{"footnotes":""},"class_list":["post-600","page","type-page","status-publish","hentry"],"_links":{"self":[{"href":"https:\/\/real-world-clinical-cases.com\/web-acindes\/wp-json\/wp\/v2\/pages\/600","targetHints":{"allow":["GET"]}}],"collection":[{"href":"https:\/\/real-world-clinical-cases.com\/web-acindes\/wp-json\/wp\/v2\/pages"}],"about":[{"href":"https:\/\/real-world-clinical-cases.com\/web-acindes\/wp-json\/wp\/v2\/types\/page"}],"author":[{"embeddable":true,"href":"https:\/\/real-world-clinical-cases.com\/web-acindes\/wp-json\/wp\/v2\/users\/3"}],"replies":[{"embeddable":true,"href":"https:\/\/real-world-clinical-cases.com\/web-acindes\/wp-json\/wp\/v2\/comments?post=600"}],"version-history":[{"count":62,"href":"https:\/\/real-world-clinical-cases.com\/web-acindes\/wp-json\/wp\/v2\/pages\/600\/revisions"}],"predecessor-version":[{"id":1286,"href":"https:\/\/real-world-clinical-cases.com\/web-acindes\/wp-json\/wp\/v2\/pages\/600\/revisions\/1286"}],"wp:attachment":[{"href":"https:\/\/real-world-clinical-cases.com\/web-acindes\/wp-json\/wp\/v2\/media?parent=600"}],"curies":[{"name":"wp","href":"https:\/\/api.w.org\/{rel}","templated":true}]}}